{"id":772,"date":"2026-02-01T21:01:44","date_gmt":"2026-02-01T20:01:44","guid":{"rendered":"https:\/\/logisped.sk\/?page_id=772"},"modified":"2026-04-17T10:41:28","modified_gmt":"2026-04-17T08:41:28","slug":"imprint","status":"publish","type":"page","link":"https:\/\/www.logisped.sk\/en\/imprint","title":{"rendered":"Imprint"},"content":{"rendered":"<style>.elementor-772 .elementor-element.elementor-element-1605ec1{--display:flex;--min-height:400px;--justify-content:center;--gap:0px 0px;--row-gap:0px;--column-gap:0px;--overlay-opacity:0.38;--margin-top:0px;--margin-bottom:0px;--margin-left:0px;--margin-right:0px;--padding-top:0px;--padding-bottom:0px;--padding-left:0px;--padding-right:0px;}.elementor-772 .elementor-element.elementor-element-1605ec1:not(.elementor-motion-effects-element-type-background), .elementor-772 .elementor-element.elementor-element-1605ec1 > .elementor-motion-effects-container > .elementor-motion-effects-layer{background-image:url(\"https:\/\/www.logisped.sk\/wp-content\/uploads\/2026\/01\/aerial-view-of-red-freight-train-moving-near-lake-2026-01-06-09-29-26-utc.webp\");background-position:0px -114px;background-repeat:no-repeat;background-size:cover;}.elementor-772 .elementor-element.elementor-element-1605ec1::before, .elementor-772 .elementor-element.elementor-element-1605ec1 > .elementor-background-video-container::before, .elementor-772 .elementor-element.elementor-element-1605ec1 > .e-con-inner > .elementor-background-video-container::before, .elementor-772 .elementor-element.elementor-element-1605ec1 > .elementor-background-slideshow::before, .elementor-772 .elementor-element.elementor-element-1605ec1 > .e-con-inner > .elementor-background-slideshow::before, .elementor-772 .elementor-element.elementor-element-1605ec1 > .elementor-motion-effects-container > .elementor-motion-effects-layer::before{--background-overlay:'';background-color:#000000;}.elementor-772 .elementor-element.elementor-element-a180474{--display:flex;--gap:0px 0px;--row-gap:0px;--column-gap:0px;--margin-top:0px;--margin-bottom:0px;--margin-left:0px;--margin-right:0px;--padding-top:0px;--padding-bottom:0px;--padding-left:0px;--padding-right:0px;}.elementor-widget-heading .elementor-heading-title{font-family:var( --e-global-typography-primary-font-family ), Sans-serif;font-weight:var( --e-global-typography-primary-font-weight );color:var( --e-global-color-primary );}.elementor-772 .elementor-element.elementor-element-c809221{text-align:start;}.elementor-772 .elementor-element.elementor-element-c809221 .elementor-heading-title{font-family:\"basiercircle\", Sans-serif;font-size:65px;font-weight:600;color:#FFFFFF;}.elementor-772 .elementor-element.elementor-element-32ce0cb{--display:flex;--gap:0px 0px;--row-gap:0px;--column-gap:0px;--margin-top:100px;--margin-bottom:50px;--margin-left:0px;--margin-right:0px;--padding-top:0px;--padding-bottom:0px;--padding-left:0px;--padding-right:0px;}.elementor-772 .elementor-element.elementor-element-1571084{--display:flex;--flex-direction:row;--container-widget-width:initial;--container-widget-height:100%;--container-widget-flex-grow:1;--container-widget-align-self:stretch;--flex-wrap-mobile:wrap;--gap:0px 0px;--row-gap:0px;--column-gap:0px;--padding-top:0px;--padding-bottom:0px;--padding-left:0px;--padding-right:0px;}.elementor-772 .elementor-element.elementor-element-a8d4090{--display:flex;--gap:0px 0px;--row-gap:0px;--column-gap:0px;--margin-top:0px;--margin-bottom:0px;--margin-left:0px;--margin-right:0px;--padding-top:0px;--padding-bottom:0px;--padding-left:0px;--padding-right:0px;}.elementor-772 .elementor-element.elementor-element-cb74cea .elementor-heading-title{font-family:\"Jost\", Sans-serif;font-size:20px;font-weight:600;text-transform:uppercase;color:var( --e-global-color-accent );}.elementor-772 .elementor-element.elementor-element-cb74cea{margin:0px 0px calc(var(--kit-widget-spacing, 0px) + 5px) 0px;}.elementor-772 .elementor-element.elementor-element-fe5b033 .elementor-heading-title{font-family:\"basiercircle\", Sans-serif;font-size:45px;font-weight:600;color:var( --e-global-color-text );}.elementor-772 .elementor-element.elementor-element-fe5b033{margin:10px 0px calc(var(--kit-widget-spacing, 0px) + 20px) 0px;}.elementor-widget-icon-list .elementor-icon-list-item:not(:last-child):after{border-color:var( --e-global-color-text );}.elementor-widget-icon-list .elementor-icon-list-icon i{color:var( --e-global-color-primary );}.elementor-widget-icon-list .elementor-icon-list-icon svg{fill:var( --e-global-color-primary );}.elementor-widget-icon-list .elementor-icon-list-item > .elementor-icon-list-text, .elementor-widget-icon-list .elementor-icon-list-item > a{font-family:var( --e-global-typography-text-font-family ), Sans-serif;font-weight:var( --e-global-typography-text-font-weight );}.elementor-widget-icon-list .elementor-icon-list-text{color:var( --e-global-color-secondary );}.elementor-772 .elementor-element.elementor-element-5537fbb .elementor-icon-list-items:not(.elementor-inline-items) .elementor-icon-list-item:not(:last-child){padding-block-end:calc(5px\/2);}.elementor-772 .elementor-element.elementor-element-5537fbb .elementor-icon-list-items:not(.elementor-inline-items) .elementor-icon-list-item:not(:first-child){margin-block-start:calc(5px\/2);}.elementor-772 .elementor-element.elementor-element-5537fbb .elementor-icon-list-items.elementor-inline-items .elementor-icon-list-item{margin-inline:calc(5px\/2);}.elementor-772 .elementor-element.elementor-element-5537fbb .elementor-icon-list-items.elementor-inline-items{margin-inline:calc(-5px\/2);}.elementor-772 .elementor-element.elementor-element-5537fbb .elementor-icon-list-items.elementor-inline-items .elementor-icon-list-item:after{inset-inline-end:calc(-5px\/2);}.elementor-772 .elementor-element.elementor-element-5537fbb .elementor-icon-list-icon i{transition:color 0.3s;}.elementor-772 .elementor-element.elementor-element-5537fbb .elementor-icon-list-icon svg{transition:fill 0.3s;}.elementor-772 .elementor-element.elementor-element-5537fbb{--e-icon-list-icon-size:14px;--icon-vertical-offset:0px;margin:0px 0px calc(var(--kit-widget-spacing, 0px) + 020px) 0px;}.elementor-772 .elementor-element.elementor-element-5537fbb .elementor-icon-list-item > .elementor-icon-list-text, .elementor-772 .elementor-element.elementor-element-5537fbb .elementor-icon-list-item > a{font-family:\"Jost\", Sans-serif;font-size:20px;font-weight:400;}.elementor-772 .elementor-element.elementor-element-5537fbb .elementor-icon-list-text{transition:color 0.3s;}.elementor-772 .elementor-element.elementor-element-7808762 .elementor-icon-list-items:not(.elementor-inline-items) .elementor-icon-list-item:not(:last-child){padding-block-end:calc(5px\/2);}.elementor-772 .elementor-element.elementor-element-7808762 .elementor-icon-list-items:not(.elementor-inline-items) .elementor-icon-list-item:not(:first-child){margin-block-start:calc(5px\/2);}.elementor-772 .elementor-element.elementor-element-7808762 .elementor-icon-list-items.elementor-inline-items .elementor-icon-list-item{margin-inline:calc(5px\/2);}.elementor-772 .elementor-element.elementor-element-7808762 .elementor-icon-list-items.elementor-inline-items{margin-inline:calc(-5px\/2);}.elementor-772 .elementor-element.elementor-element-7808762 .elementor-icon-list-items.elementor-inline-items .elementor-icon-list-item:after{inset-inline-end:calc(-5px\/2);}.elementor-772 .elementor-element.elementor-element-7808762 .elementor-icon-list-icon i{transition:color 0.3s;}.elementor-772 .elementor-element.elementor-element-7808762 .elementor-icon-list-icon svg{transition:fill 0.3s;}.elementor-772 .elementor-element.elementor-element-7808762{--e-icon-list-icon-size:14px;--icon-vertical-offset:0px;margin:0px 0px calc(var(--kit-widget-spacing, 0px) + 20px) 0px;}.elementor-772 .elementor-element.elementor-element-7808762 .elementor-icon-list-item > .elementor-icon-list-text, .elementor-772 .elementor-element.elementor-element-7808762 .elementor-icon-list-item > a{font-family:\"Jost\", Sans-serif;font-size:20px;font-weight:400;text-decoration:none;}.elementor-772 .elementor-element.elementor-element-7808762 .elementor-icon-list-text{transition:color 0.3s;}.elementor-772 .elementor-element.elementor-element-db00c0a .elementor-icon-list-items:not(.elementor-inline-items) .elementor-icon-list-item:not(:last-child){padding-block-end:calc(5px\/2);}.elementor-772 .elementor-element.elementor-element-db00c0a .elementor-icon-list-items:not(.elementor-inline-items) .elementor-icon-list-item:not(:first-child){margin-block-start:calc(5px\/2);}.elementor-772 .elementor-element.elementor-element-db00c0a .elementor-icon-list-items.elementor-inline-items .elementor-icon-list-item{margin-inline:calc(5px\/2);}.elementor-772 .elementor-element.elementor-element-db00c0a .elementor-icon-list-items.elementor-inline-items{margin-inline:calc(-5px\/2);}.elementor-772 .elementor-element.elementor-element-db00c0a .elementor-icon-list-items.elementor-inline-items .elementor-icon-list-item:after{inset-inline-end:calc(-5px\/2);}.elementor-772 .elementor-element.elementor-element-db00c0a .elementor-icon-list-icon i{transition:color 0.3s;}.elementor-772 .elementor-element.elementor-element-db00c0a .elementor-icon-list-icon svg{transition:fill 0.3s;}.elementor-772 .elementor-element.elementor-element-db00c0a{--e-icon-list-icon-size:14px;--icon-vertical-offset:0px;}.elementor-772 .elementor-element.elementor-element-db00c0a .elementor-icon-list-item > .elementor-icon-list-text, .elementor-772 .elementor-element.elementor-element-db00c0a .elementor-icon-list-item > a{font-family:\"Jost\", Sans-serif;font-size:20px;font-weight:400;}.elementor-772 .elementor-element.elementor-element-db00c0a .elementor-icon-list-text{transition:color 0.3s;}.elementor-772 .elementor-element.elementor-element-00f54df{--display:flex;--gap:0px 0px;--row-gap:0px;--column-gap:0px;--margin-top:0px;--margin-bottom:70px;--margin-left:0px;--margin-right:0px;--padding-top:0px;--padding-bottom:0px;--padding-left:0px;--padding-right:0px;}.elementor-772 .elementor-element.elementor-element-f75f7ec iframe{height:500px;}@media(min-width:768px){.elementor-772 .elementor-element.elementor-element-1605ec1{--content-width:1300px;}.elementor-772 .elementor-element.elementor-element-32ce0cb{--content-width:1300px;}.elementor-772 .elementor-element.elementor-element-a8d4090{--width:50%;}.elementor-772 .elementor-element.elementor-element-00f54df{--width:50%;}}@media(max-width:1024px) and (min-width:768px){.elementor-772 .elementor-element.elementor-element-a8d4090{--width:100%;}.elementor-772 .elementor-element.elementor-element-00f54df{--width:100%;}}@media(min-width:2450px){.elementor-772 .elementor-element.elementor-element-1605ec1{--content-width:2400px;}.elementor-772 .elementor-element.elementor-element-c809221 .elementor-heading-title{font-size:70px;}.elementor-772 .elementor-element.elementor-element-32ce0cb{--content-width:2400px;}.elementor-772 .elementor-element.elementor-element-cb74cea .elementor-heading-title{font-size:40px;}.elementor-772 .elementor-element.elementor-element-fe5b033 .elementor-heading-title{font-size:70px;}.elementor-772 .elementor-element.elementor-element-5537fbb .elementor-icon-list-item > .elementor-icon-list-text, .elementor-772 .elementor-element.elementor-element-5537fbb .elementor-icon-list-item > a{font-size:30px;}.elementor-772 .elementor-element.elementor-element-7808762 .elementor-icon-list-item > .elementor-icon-list-text, .elementor-772 .elementor-element.elementor-element-7808762 .elementor-icon-list-item > a{font-size:30px;}.elementor-772 .elementor-element.elementor-element-db00c0a .elementor-icon-list-item > .elementor-icon-list-text, .elementor-772 .elementor-element.elementor-element-db00c0a .elementor-icon-list-item > a{font-size:30px;}}@media(max-width:1366px){.elementor-772 .elementor-element.elementor-element-1605ec1{--margin-top:0px;--margin-bottom:0px;--margin-left:0px;--margin-right:0px;--padding-top:0px;--padding-bottom:0px;--padding-left:50px;--padding-right:50px;}.elementor-772 .elementor-element.elementor-element-32ce0cb{--margin-top:100px;--margin-bottom:0px;--margin-left:0px;--margin-right:0px;--padding-top:0px;--padding-bottom:0px;--padding-left:50px;--padding-right:50px;}}@media(max-width:1200px){.elementor-772 .elementor-element.elementor-element-1605ec1{--margin-top:0px;--margin-bottom:0px;--margin-left:0px;--margin-right:0px;}.elementor-772 .elementor-element.elementor-element-32ce0cb{--margin-top:80px;--margin-bottom:0px;--margin-left:0px;--margin-right:0px;}}@media(max-width:1024px){.elementor-772 .elementor-element.elementor-element-1605ec1:not(.elementor-motion-effects-element-type-background), .elementor-772 .elementor-element.elementor-element-1605ec1 > .elementor-motion-effects-container > .elementor-motion-effects-layer{background-position:0px 0px;}.elementor-772 .elementor-element.elementor-element-1571084{--flex-direction:column;--container-widget-width:100%;--container-widget-height:initial;--container-widget-flex-grow:0;--container-widget-align-self:initial;--flex-wrap-mobile:wrap;--gap:50px 50px;--row-gap:50px;--column-gap:50px;}}@media(max-width:880px){.elementor-772 .elementor-element.elementor-element-1605ec1{--margin-top:0px;--margin-bottom:0px;--margin-left:0px;--margin-right:0px;}}@media(max-width:767px){.elementor-772 .elementor-element.elementor-element-1605ec1{--gap:0px 0px;--row-gap:0px;--column-gap:0px;--margin-top:0px;--margin-bottom:0px;--margin-left:0px;--margin-right:0px;--padding-top:0px;--padding-bottom:0px;--padding-left:10px;--padding-right:10px;}.elementor-772 .elementor-element.elementor-element-1605ec1:not(.elementor-motion-effects-element-type-background), .elementor-772 .elementor-element.elementor-element-1605ec1 > .elementor-motion-effects-container > .elementor-motion-effects-layer{background-position:0px 0px;}.elementor-772 .elementor-element.elementor-element-a180474{--margin-top:0px;--margin-bottom:40px;--margin-left:0px;--margin-right:0px;}.elementor-772 .elementor-element.elementor-element-c809221 .elementor-heading-title{font-size:35px;}.elementor-772 .elementor-element.elementor-element-32ce0cb{--gap:0px 0px;--row-gap:0px;--column-gap:0px;--margin-top:70px;--margin-bottom:0px;--margin-left:0px;--margin-right:0px;--padding-top:0px;--padding-bottom:0px;--padding-left:10px;--padding-right:10px;}.elementor-772 .elementor-element.elementor-element-1571084{--gap:20px 20px;--row-gap:20px;--column-gap:20px;}.elementor-772 .elementor-element.elementor-element-a8d4090{--margin-top:0px;--margin-bottom:40px;--margin-left:0px;--margin-right:0px;}.elementor-772 .elementor-element.elementor-element-fe5b033 .elementor-heading-title{font-size:35px;}.elementor-772 .elementor-element.elementor-element-00f54df{--margin-top:0px;--margin-bottom:40px;--margin-left:0px;--margin-right:0px;}}<\/style>\t\t<div data-elementor-type=\"wp-post\" data-elementor-id=\"772\" class=\"elementor elementor-772\">\n\t\t\t\t<div class=\"elementor-element elementor-element-1605ec1 e-flex e-con-boxed e-con e-parent\" data-id=\"1605ec1\" data-element_type=\"container\" data-e-type=\"container\" data-settings=\"{&quot;background_background&quot;:&quot;classic&quot;}\">\n\t\t\t\t\t<div class=\"e-con-inner\">\n\t\t<div class=\"elementor-element elementor-element-a180474 e-con-full e-flex e-con e-child\" data-id=\"a180474\" data-element_type=\"container\" data-e-type=\"container\">\n\t\t\t\t<div class=\"elementor-element elementor-element-c809221 elementor-widget elementor-widget-heading\" data-id=\"c809221\" data-element_type=\"widget\" data-e-type=\"widget\" data-widget_type=\"heading.default\">\n\t\t\t\t\t<h2 class=\"elementor-heading-title elementor-size-default\">Imprint<\/h2>\t\t\t\t<\/div>\n\t\t\t\t<\/div>\n\t\t\t\t\t<\/div>\n\t\t\t\t<\/div>\n\t\t<div class=\"elementor-element elementor-element-32ce0cb e-flex e-con-boxed e-con e-parent\" data-id=\"32ce0cb\" data-element_type=\"container\" data-e-type=\"container\">\n\t\t\t\t\t<div class=\"e-con-inner\">\n\t\t<div class=\"elementor-element elementor-element-1571084 e-con-full e-flex e-con e-child\" data-id=\"1571084\" data-element_type=\"container\" data-e-type=\"container\">\n\t\t<div class=\"elementor-element elementor-element-a8d4090 e-con-full e-flex e-con e-child\" data-id=\"a8d4090\" data-element_type=\"container\" data-e-type=\"container\">\n\t\t\t\t<div class=\"elementor-element elementor-element-cb74cea elementor-widget elementor-widget-heading\" data-id=\"cb74cea\" data-element_type=\"widget\" data-e-type=\"widget\" data-widget_type=\"heading.default\">\n\t\t\t\t\t<span class=\"elementor-heading-title elementor-size-default\">Contact<\/span>\t\t\t\t<\/div>\n\t\t\t\t<div class=\"elementor-element elementor-element-fe5b033 elementor-widget elementor-widget-heading\" data-id=\"fe5b033\" data-element_type=\"widget\" data-e-type=\"widget\" data-widget_type=\"heading.default\">\n\t\t\t\t\t<h2 class=\"elementor-heading-title elementor-size-default\">LOGISPED, spol. s r.o.<\/h2>\t\t\t\t<\/div>\n\t\t\t\t<div class=\"elementor-element elementor-element-5537fbb elementor-icon-list--layout-traditional elementor-list-item-link-full_width elementor-widget elementor-widget-icon-list\" data-id=\"5537fbb\" data-element_type=\"widget\" data-e-type=\"widget\" data-widget_type=\"icon-list.default\">\n\t\t\t\t\t\t\t<ul class=\"elementor-icon-list-items\">\n\t\t\t\t\t\t\t<li class=\"elementor-icon-list-item\">\n\t\t\t\t\t\t\t\t\t\t<span class=\"elementor-icon-list-text\">Burianova medzierka 25<\/span>\n\t\t\t\t\t\t\t\t\t<\/li>\n\t\t\t\t\t\t\t\t<li class=\"elementor-icon-list-item\">\n\t\t\t\t\t\t\t\t\t\t<span class=\"elementor-icon-list-text\">010 01 \u017dilina<\/span>\n\t\t\t\t\t\t\t\t\t<\/li>\n\t\t\t\t\t\t\t\t<li class=\"elementor-icon-list-item\">\n\t\t\t\t\t\t\t\t\t\t<span class=\"elementor-icon-list-text\">Slovensk\u00e1 republika<\/span>\n\t\t\t\t\t\t\t\t\t<\/li>\n\t\t\t\t\t\t<\/ul>\n\t\t\t\t\t\t<\/div>\n\t\t\t\t<div class=\"elementor-element elementor-element-7808762 elementor-icon-list--layout-traditional elementor-list-item-link-full_width elementor-widget elementor-widget-icon-list\" data-id=\"7808762\" data-element_type=\"widget\" data-e-type=\"widget\" data-widget_type=\"icon-list.default\">\n\t\t\t\t\t\t\t<ul class=\"elementor-icon-list-items\">\n\t\t\t\t\t\t\t<li class=\"elementor-icon-list-item\">\n\t\t\t\t\t\t\t\t\t\t\t<a href=\"tel:+421415000153\">\n\n\t\t\t\t\t\t\t\t\t\t\t<span class=\"elementor-icon-list-text\">Tel.: +421 41 500 01 55<\/span>\n\t\t\t\t\t\t\t\t\t\t\t<\/a>\n\t\t\t\t\t\t\t\t\t<\/li>\n\t\t\t\t\t\t\t\t<li class=\"elementor-icon-list-item\">\n\t\t\t\t\t\t\t\t\t\t\t<a href=\"mailto:info@logisped.sk\">\n\n\t\t\t\t\t\t\t\t\t\t\t<span class=\"elementor-icon-list-text\">E-mail: info@logisped.sk<\/span>\n\t\t\t\t\t\t\t\t\t\t\t<\/a>\n\t\t\t\t\t\t\t\t\t<\/li>\n\t\t\t\t\t\t<\/ul>\n\t\t\t\t\t\t<\/div>\n\t\t\t\t<div class=\"elementor-element elementor-element-db00c0a elementor-icon-list--layout-traditional elementor-list-item-link-full_width elementor-widget elementor-widget-icon-list\" data-id=\"db00c0a\" data-element_type=\"widget\" data-e-type=\"widget\" data-widget_type=\"icon-list.default\">\n\t\t\t\t\t\t\t<ul class=\"elementor-icon-list-items\">\n\t\t\t\t\t\t\t<li class=\"elementor-icon-list-item\">\n\t\t\t\t\t\t\t\t\t\t<span class=\"elementor-icon-list-text\">Registering Court: District Court of \u017dilina<\/span>\n\t\t\t\t\t\t\t\t\t<\/li>\n\t\t\t\t\t\t\t\t<li class=\"elementor-icon-list-item\">\n\t\t\t\t\t\t\t\t\t\t<span class=\"elementor-icon-list-text\">Commercial Register Entry Number: Section Sro, File No. 2904\/L<\/span>\n\t\t\t\t\t\t\t\t\t<\/li>\n\t\t\t\t\t\t\t\t<li class=\"elementor-icon-list-item\">\n\t\t\t\t\t\t\t\t\t\t<span class=\"elementor-icon-list-text\">Company ID: 31 637 434<\/span>\n\t\t\t\t\t\t\t\t\t<\/li>\n\t\t\t\t\t\t\t\t<li class=\"elementor-icon-list-item\">\n\t\t\t\t\t\t\t\t\t\t<span class=\"elementor-icon-list-text\">Tax ID: 2020446791<\/span>\n\t\t\t\t\t\t\t\t\t<\/li>\n\t\t\t\t\t\t\t\t<li class=\"elementor-icon-list-item\">\n\t\t\t\t\t\t\t\t\t\t<span class=\"elementor-icon-list-text\">VAT ID: SK2020446791<\/span>\n\t\t\t\t\t\t\t\t\t<\/li>\n\t\t\t\t\t\t<\/ul>\n\t\t\t\t\t\t<\/div>\n\t\t\t\t<\/div>\n\t\t<div class=\"elementor-element elementor-element-00f54df e-con-full e-flex e-con e-child\" data-id=\"00f54df\" data-element_type=\"container\" data-e-type=\"container\">\n\t\t\t\t<div class=\"elementor-element elementor-element-f75f7ec elementor-widget elementor-widget-google_maps\" data-id=\"f75f7ec\" data-element_type=\"widget\" data-e-type=\"widget\" data-widget_type=\"google_maps.default\">\n\t\t\t\t\t\t\t<div class=\"elementor-custom-embed\">\n\t\t\t<iframe loading=\"lazy\"\n\t\t\t\t\tsrc=\"https:\/\/maps.google.com\/maps?q=Logisped%2C%20Burianova%20medzierka%2C%20010%2001%20%C5%BDilina&#038;t=m&#038;z=13&#038;output=embed&#038;iwloc=near\"\n\t\t\t\t\ttitle=\"Logisped, Burianova medzierka, 010 01 \u017dilina\"\n\t\t\t\t\taria-label=\"Logisped, Burianova medzierka, 010 01 \u017dilina\"\n\t\t\t><\/iframe>\n\t\t<\/div>\n\t\t\t\t\t\t<\/div>\n\t\t\t\t<\/div>\n\t\t\t\t<\/div>\n\t\t\t\t\t<\/div>\n\t\t\t\t<\/div>\n\t\t\t\t<\/div>","protected":false},"excerpt":{"rendered":"<p>Imprint Na\u0161e \u00fadaje LOGISPED, spol. s r.o. Burianova medzierka 25 010 01 \u017dilina Slovensk\u00e1 republika Tel.: +421 41 500 01 55 E-mail: info@logisped.sk Registrov\u00fd s\u00fad: Okresn\u00fd s\u00fad \u017dilina \u010c\u00edslo z\u00e1pisu v OR: Oddiel Sro, vlo\u017eka \u010d. 2904\/L I\u010cO: 31 637 434 DI\u010c: 2020446791 I\u010c DPH: SK2020446791<\/p>","protected":false},"author":1,"featured_media":0,"parent":0,"menu_order":0,"comment_status":"closed","ping_status":"closed","template":"","meta":{"footnotes":""},"class_list":["post-772","page","type-page","status-publish","hentry"],"_links":{"self":[{"href":"https:\/\/www.logisped.sk\/en\/wp-json\/wp\/v2\/pages\/772","targetHints":{"allow":["GET"]}}],"collection":[{"href":"https:\/\/www.logisped.sk\/en\/wp-json\/wp\/v2\/pages"}],"about":[{"href":"https:\/\/www.logisped.sk\/en\/wp-json\/wp\/v2\/types\/page"}],"author":[{"embeddable":true,"href":"https:\/\/www.logisped.sk\/en\/wp-json\/wp\/v2\/users\/1"}],"replies":[{"embeddable":true,"href":"https:\/\/www.logisped.sk\/en\/wp-json\/wp\/v2\/comments?post=772"}],"version-history":[{"count":6,"href":"https:\/\/www.logisped.sk\/en\/wp-json\/wp\/v2\/pages\/772\/revisions"}],"predecessor-version":[{"id":1427,"href":"https:\/\/www.logisped.sk\/en\/wp-json\/wp\/v2\/pages\/772\/revisions\/1427"}],"wp:attachment":[{"href":"https:\/\/www.logisped.sk\/en\/wp-json\/wp\/v2\/media?parent=772"}],"curies":[{"name":"wp","href":"https:\/\/api.w.org\/{rel}","templated":true}]}}